{"id":2450,"date":"2021-10-27T13:09:27","date_gmt":"2021-10-27T13:09:27","guid":{"rendered":"https:\/\/wp.themedemo.org\/WCM07\/WCM070151\/?page_id=2450"},"modified":"2023-12-05T09:39:47","modified_gmt":"2023-12-05T09:39:47","slug":"contact-us","status":"publish","type":"page","link":"https:\/\/suaanadolukultur.org\/index.php\/contact-us\/","title":{"rendered":"Contact Us"},"content":{"rendered":"\t\t<div data-elementor-type=\"wp-page\" data-elementor-id=\"2450\" class=\"elementor elementor-2450\">\n\t\t\t\t\t\t\t\t\t<div class=\"elementor-section elementor-top-section elementor-element elementor-element-270e0d3 elementor-section-boxed elementor-section-height-default elementor-section-height-default\" data-id=\"270e0d3\" data-element_type=\"section\">\n\t\t\t\t\t\t<div class=\"elementor-container elementor-column-gap-default\">\n\t\t\t\t\t<div class=\"elementor-column elementor-col-100 elementor-top-column elementor-element elementor-element-9f93685\" data-id=\"9f93685\" data-element_type=\"column\">\n\t\t\t<div class=\"elementor-widget-wrap elementor-element-populated\">\n\t\t\t\t\t\t\t\t<div class=\"elementor-element elementor-element-cc2b167 elementor-widget elementor-widget-google_maps\" data-id=\"cc2b167\" data-element_type=\"widget\" data-widget_type=\"google_maps.default\">\n\t\t\t\t<div class=\"elementor-widget-container\">\n\t\t\t<style>\/*! elementor - v3.17.0 - 08-11-2023 *\/\n.elementor-widget-google_maps .elementor-widget-container{overflow:hidden}.elementor-widget-google_maps .elementor-custom-embed{line-height:0}.elementor-widget-google_maps iframe{height:300px}<\/style>\t\t<div class=\"elementor-custom-embed\">\n\t\t\t<iframe loading=\"lazy\"\n\t\t\t\t\tsrc=\"https:\/\/maps.google.com\/maps?q=Sua%20Anadolu%20K%C3%BClt%C3%BCr%20ve%20Sanat%20Derne%C4%9Fi&#038;t=m&#038;z=10&#038;output=embed&#038;iwloc=near\"\n\t\t\t\t\ttitle=\"Sua Anadolu K\u00fclt\u00fcr ve Sanat Derne\u011fi\"\n\t\t\t\t\taria-label=\"Sua Anadolu K\u00fclt\u00fcr ve Sanat Derne\u011fi\"\n\t\t\t><\/iframe>\n\t\t<\/div>\n\t\t\t\t<\/div>\n\t\t\t\t<\/div>\n\t\t\t\t\t<\/div>\n\t\t<\/div>\n\t\t\t\t\t\t\t<\/div>\n\t\t<\/div>\n\t\t\t\t<div class=\"elementor-section elementor-top-section elementor-element elementor-element-5f79792 elementor-section-full_width elementor-section-stretched contact-main elementor-section-height-default elementor-section-height-default\" data-id=\"5f79792\" data-element_type=\"section\" data-settings=\"{&quot;stretch_section&quot;:&quot;section-stretched&quot;}\">\n\t\t\t\t\t\t<div class=\"elementor-container elementor-column-gap-default\">\n\t\t\t\t\t<div class=\"elementor-column elementor-col-100 elementor-top-column elementor-element elementor-element-58926a3\" data-id=\"58926a3\" data-element_type=\"column\">\n\t\t\t<div class=\"elementor-widget-wrap elementor-element-populated\">\n\t\t\t\t\t\t\t\t<div class=\"elementor-section elementor-inner-section elementor-element elementor-element-dc0169c elementor-section-boxed elementor-section-height-default elementor-section-height-default\" data-id=\"dc0169c\" data-element_type=\"section\">\n\t\t\t\t\t\t<div class=\"elementor-container elementor-column-gap-default\">\n\t\t\t\t\t<div class=\"elementor-column elementor-col-33 elementor-inner-column elementor-element elementor-element-68e6064 contact-maincol\" data-id=\"68e6064\" data-element_type=\"column\">\n\t\t\t<div class=\"elementor-widget-wrap elementor-element-populated\">\n\t\t\t\t\t\t\t\t<div class=\"elementor-element elementor-element-2cd8417 elementor-view-stacked elementor-shape-circle elementor-position-top elementor-mobile-position-top elementor-widget elementor-widget-icon-box\" data-id=\"2cd8417\" data-element_type=\"widget\" data-widget_type=\"icon-box.default\">\n\t\t\t\t<div class=\"elementor-widget-container\">\n\t\t\t<link rel=\"stylesheet\" href=\"https:\/\/suaanadolukultur.org\/wp-content\/plugins\/elementor\/assets\/css\/widget-icon-box.min.css\">\t\t<div class=\"elementor-icon-box-wrapper\">\n\t\t\t\t\t\t<div class=\"elementor-icon-box-icon\">\n\t\t\t\t<a href=\"https:\/\/maps.app.goo.gl\/YCDipPhM4tJiKU6t8\" class=\"elementor-icon elementor-animation-\" tabindex=\"-1\">\n\t\t\t\t<svg xmlns=\"http:\/\/www.w3.org\/2000\/svg\" xmlns:xlink=\"http:\/\/www.w3.org\/1999\/xlink\" x=\"0px\" y=\"0px\" viewBox=\"0 0 1000 1000\" xml:space=\"preserve\"><metadata> Svg Vector Icons : http:\/\/www.onlinewebfonts.com\/icon <\/metadata><g><path d=\"M701.4,86.4C630.4,24.9,547.3-0.6,454.7,14C347.2,31,268.9,90.8,221.5,188.9c-26.1,53.9-36,111.2-24,170.6c10.5,51.9,32.3,99.8,55.9,146.8c55.7,110.7,123.4,214.1,195.1,315c16.4,23.1,33.3,45.8,50.9,70.1c4.2-5,7.2-8,9.6-11.4c30.7-43.1,62.1-85.7,91.7-129.6c65-96.1,126.5-194.4,172.4-301.4c17.8-41.4,34.6-83.7,34.3-129.4C807,226.4,772,147.7,701.4,86.4z M738.2,447.1c-47,105.7-109.4,202.5-174,297.9c-18,26.6-36.9,52.7-55.4,79c-2.4,3.4-5.1,6.5-9.4,12.1c-23.3-33.4-45.3-64.4-66.7-95.8c-52.7-77.4-103.5-156-145.1-240c-19.1-38.6-37-78.3-50.2-119.2c-25.2-77.9-9.2-151.6,36.4-217.5C329.2,83.5,407.7,42.5,505.4,44.1c136.1,2.2,243.3,101.7,265.3,228.6C781.6,335.6,762.9,391.7,738.2,447.1z\"><\/path><path d=\"M715.4,831.3c-18.7-17-41.8-25.6-65.3-32.8c-30.3-9.3-30.4-9.1-49.6,15.1c-0.7,0.9-0.9,2.2-1.5,3.8c1.7,0.7,3.2,1.4,4.8,1.7c2.5,0.5,5,0.7,7.5,1.1c31.2,4.8,59.8,15.9,83,37.9c19.2,18.2,19,31,0.4,49.6c-2.4,2.4-5.1,4.5-7.7,6.6c-23.4,18.4-50.6,29.1-79.2,36c-58.1,13.9-116.9,14-175.6,5c-41.3-6.4-81.3-17.7-115.6-42.9c-33.6-24.6-32.8-42.8,1.6-65.9c25-16.7,53.3-23.2,85.1-27.3c-6.1-8.4-10.6-15.6-16.2-21.7c-2.3-2.6-7.4-4.7-10.6-4.1c-31.5,6-61.8,15.5-88.1,34.6c-34.4,25-38.5,61-10.7,93.3c18.2,21.2,42.4,33.5,68.2,42.6c83.2,29.3,168.5,32.1,254.8,18.3c40.1-6.4,78.2-18.9,110.7-44.8C749.3,907.1,751.1,863.6,715.4,831.3z\"><\/path><path d=\"M500.1,184.8c-81.4,0-133.1,67-133.2,132.4c-0.1,73.1,59.6,133.8,131.9,133.9c68.6,0.9,135-53.9,134.4-133.8C632.7,242.7,575.3,184.8,500.1,184.8z M599.5,318.6c-0.9,57-45.5,100.4-102,99.3c-54.3-1.1-98-46.8-97.3-101.7c0.7-55.1,45.7-98.5,101-97.6C557.3,219.5,600.4,263.4,599.5,318.6z\"><\/path><\/g><\/svg>\t\t\t\t<\/a>\n\t\t\t<\/div>\n\t\t\t\t\t\t<div class=\"elementor-icon-box-content\">\n\t\t\t\t<h4 class=\"elementor-icon-box-title\">\n\t\t\t\t\t<a href=\"https:\/\/maps.app.goo.gl\/YCDipPhM4tJiKU6t8\" >\n\t\t\t\t\t\tAddress Info\t\t\t\t\t<\/a>\n\t\t\t\t<\/h4>\n\t\t\t\t\t\t\t\t\t<p class=\"elementor-icon-box-description\">\n\t\t\t\t\t\t<span>Alt\u0131ntop Mah, 1601. Sk. Aybey \u0130\u015f Merkezi ,<br>\n4\/1-2 D:4\/A K\/1, 20010<br>\n Merkezefendi \/ Denizli \/ T\u00fcrkiye <\/span>\t\t\t\t\t<\/p>\n\t\t\t\t\t\t\t<\/div>\n\t\t<\/div>\n\t\t\t\t<\/div>\n\t\t\t\t<\/div>\n\t\t\t\t\t<\/div>\n\t\t<\/div>\n\t\t\t\t<div class=\"elementor-column elementor-col-33 elementor-inner-column elementor-element elementor-element-f3b1751 contact-maincol\" data-id=\"f3b1751\" data-element_type=\"column\">\n\t\t\t<div class=\"elementor-widget-wrap elementor-element-populated\">\n\t\t\t\t\t\t\t\t<div class=\"elementor-element elementor-element-d35b83b elementor-view-stacked elementor-shape-circle elementor-position-top elementor-mobile-position-top elementor-widget elementor-widget-icon-box\" data-id=\"d35b83b\" data-element_type=\"widget\" data-widget_type=\"icon-box.default\">\n\t\t\t\t<div class=\"elementor-widget-container\">\n\t\t\t\t\t<div class=\"elementor-icon-box-wrapper\">\n\t\t\t\t\t\t<div class=\"elementor-icon-box-icon\">\n\t\t\t\t<a href=\"tel:905325444581\" class=\"elementor-icon elementor-animation-\" tabindex=\"-1\">\n\t\t\t\t<svg xmlns=\"http:\/\/www.w3.org\/2000\/svg\" xmlns:xlink=\"http:\/\/www.w3.org\/1999\/xlink\" id=\"Layer_1\" x=\"0px\" y=\"0px\" viewBox=\"0 0 1000 1000\" xml:space=\"preserve\"><g>\t<g transform=\"translate(0.000000,511.000000) scale(0.100000,-0.100000)\">\t\t<path d=\"M2225.4,4932.8C1483.2,4688,733.2,4081,419.9,3470c-139.1-274.2-211.5-560.1-180.2-724.6   c94-499.4,346.7-1098.6,799-1905.4C1871-644.3,2558.4-1645,3449.2-2675.1c460.2-530.6,1427.6-1482.4,1793.8-1762.4   c289.8-223.3,603.1-352.5,853.8-352.5c842.1,0,1928.9,714.7,2371.5,1560.7c115.6,219.4,113.6,225.2-162.5,556.2   c-366.2,436.7-707,802.9-934.1,1008.5c-342.7,311.3-710.9,575.7-799,575.7c-158.6,0-802.9-475.8-988.9-730.4l-54.8-74.4   L5051.2-1271C4078-4,3494.4,800.8,3048,1492l-184.1,283.9l131.2,52.9c211.5,80.3,446.4,213.5,612.9,344.7   c154.7,125.3,338.8,325.1,362.3,399.5c15.6,47-33.3,199.8-180.2,577.7C3566.9,3720.6,3236,4333.5,2910.9,4780   c-148.9,203.7-162.6,213.5-301.6,227.2C2507.4,5017,2442.8,5003.3,2225.4,4932.8z M2683.7,4560.6   c334.9-464.1,671.7-1114.2,887.1-1715.4l74.4-209.5L3514,2510.4c-215.4-209.5-485.6-360.3-797-448.4   c-301.5-84.2-311.3-141-92-489.6c524.8-832.3,1274.8-1870.1,2485-3434.8c338.8-436.7,350.5-450.4,423-456.3   c94-7.9,109.7,5.8,207.6,172.3c144.9,242.9,356.4,440.6,693.2,644.3l133.2,80.3l111.6-78.3c372.1-266.3,808.8-691.3,1272.9-1239.6   l260.4-307.4l-58.8-111.6C7937.7-3560.2,7479.4-3989,7011.4-4224c-466.1-235-885.1-307.5-1163.2-203.7   C5576-4325.9,5444.8-4226,4826-3648.3C3676.5-2575.2,2736.6-1396.4,1796.6,154.6C1350.1,890.9,860.5,1827,719.4,2206.9   C623.5,2469.3,553,2741.5,553,2849.2c0,193.9,154.7,558.1,342.7,802.9c323.1,417.1,871.5,801,1400.2,977.2   C2552.5,4717.4,2572,4713.5,2683.7,4560.6z\"><\/path>\t\t<path d=\"M6194.9,4832.9c-88.1-111.6-37.2-199.7,172.3-295.7c209.5-95.9,507.2-264.3,740.2-421   c1204.3-804.9,2032.7-2060.1,2308.8-3495.6c27.4-148.8,62.6-289.8,78.3-313.3c56.8-90.1,203.6-82.3,252.6,13.7   c27.4,52.9,27.4,76.4,0,240.9C9437.7,2344,8301.9,3891,6694.2,4721.3C6337.8,4903.4,6263.4,4921,6194.9,4832.9z\"><\/path>\t\t<path d=\"M6061.6,3493.5c-45,0-137.1-54.8-150.8-88.1c-23.5-66.6-11.8-141,31.3-178.2c25.4-21.6,105.7-76.4,182.1-119.5   c197.8-115.6,428.9-285.9,640.4-470c579.6-507.2,1018.3-1218,1231.7-1989.6c33.3-121.4,74.4-233,90.1-252.6   c43.1-49,117.5-58.8,182.1-25.5c109.7,56.8,103.8,144.9-31.3,558.1c-156.6,477.8-442.5,1004.5-771.5,1419.7   c-287.9,362.3-757.8,773.5-1173,1024.2C6181.1,3438.6,6077.3,3493.5,6061.6,3493.5z\"><\/path>\t\t<path d=\"M5724.8,1975.7c-60.7-31.3-80.3-64.6-80.3-142.9c0-41.1,49-99.8,231.1-270.2c299.6-283.9,511.1-579.6,644.3-898.8   c25.4-64.6,64.6-133.2,88.1-150.8c92.1-80.2,250.7-11.7,250.7,109.7c0,78.3-164.5,417.1-295.7,612.9   c-201.7,301.6-534.6,656-695.2,740.2C5797.3,2011,5793.4,2011,5724.8,1975.7z\"><\/path>\t<\/g><\/g><\/svg>\t\t\t\t<\/a>\n\t\t\t<\/div>\n\t\t\t\t\t\t<div class=\"elementor-icon-box-content\">\n\t\t\t\t<h4 class=\"elementor-icon-box-title\">\n\t\t\t\t\t<a href=\"tel:905325444581\" >\n\t\t\t\t\t\tContact Info\t\t\t\t\t<\/a>\n\t\t\t\t<\/h4>\n\t\t\t\t\t\t\t\t\t<p class=\"elementor-icon-box-description\">\n\t\t\t\t\t\t<span>(+90) 532 510 65 79<\/span><br>\n<span>info@suaanadolukultur.org<\/span>\t\t\t\t\t<\/p>\n\t\t\t\t\t\t\t<\/div>\n\t\t<\/div>\n\t\t\t\t<\/div>\n\t\t\t\t<\/div>\n\t\t\t\t\t<\/div>\n\t\t<\/div>\n\t\t\t\t<div class=\"elementor-column elementor-col-33 elementor-inner-column elementor-element elementor-element-6925eb1 contact-maincol\" data-id=\"6925eb1\" data-element_type=\"column\">\n\t\t\t<div class=\"elementor-widget-wrap elementor-element-populated\">\n\t\t\t\t\t\t\t\t<div class=\"elementor-element elementor-element-f3c6d38 elementor-view-stacked elementor-shape-circle elementor-position-top elementor-mobile-position-top elementor-widget elementor-widget-icon-box\" data-id=\"f3c6d38\" data-element_type=\"widget\" data-widget_type=\"icon-box.default\">\n\t\t\t\t<div class=\"elementor-widget-container\">\n\t\t\t\t\t<div class=\"elementor-icon-box-wrapper\">\n\t\t\t\t\t\t<div class=\"elementor-icon-box-icon\">\n\t\t\t\t<span  class=\"elementor-icon elementor-animation-\">\n\t\t\t\t<svg xmlns=\"http:\/\/www.w3.org\/2000\/svg\" xmlns:xlink=\"http:\/\/www.w3.org\/1999\/xlink\" x=\"0px\" y=\"0px\" viewBox=\"0 0 1000 1000\" xml:space=\"preserve\"><metadata> Svg Vector Icons : http:\/\/www.onlinewebfonts.com\/icon <\/metadata><g><path d=\"M249.5,566.4c0.2,0,0.5,0.2,0.5,0.4\"><\/path><path d=\"M227.9,566\"><\/path><path d=\"M527.2,616.2\"><\/path><path d=\"M238,606.5\"><\/path><path d=\"M748.7,480.3h-229V146.2c0-10.9-8.8-19.7-19.7-19.7c-10.9,0-19.7,8.8-19.7,19.7V500c0,10.9,8.8,19.7,19.7,19.7h248.7c10.9,0,19.7-8.8,19.7-19.7C768.4,489.1,759.6,480.3,748.7,480.3\"><\/path><path d=\"M500,10C229.8,10,10,229.8,10,500c0,270.2,219.8,490,490,490c270.2,0,490-219.8,490-490C990,229.8,770.2,10,500,10 M500,950.6C251.6,950.6,49.4,748.4,49.4,500C49.4,251.5,251.6,49.5,500,49.5c248.4,0,450.6,202.1,450.6,450.6C950.6,748.4,748.4,950.6,500,950.6\"><\/path><\/g><\/svg>\t\t\t\t<\/span>\n\t\t\t<\/div>\n\t\t\t\t\t\t<div class=\"elementor-icon-box-content\">\n\t\t\t\t<h4 class=\"elementor-icon-box-title\">\n\t\t\t\t\t<span  >\n\t\t\t\t\t\tWorking Hours\t\t\t\t\t<\/span>\n\t\t\t\t<\/h4>\n\t\t\t\t\t\t\t\t\t<p class=\"elementor-icon-box-description\">\n\t\t\t\t\t\t<span>Open: 9:30AM \u2013 Close: 6:00PM<\/span><br\/>\n<span>Sunday & Holidays: Closed<\/span>\t\t\t\t\t<\/p>\n\t\t\t\t\t\t\t<\/div>\n\t\t<\/div>\n\t\t\t\t<\/div>\n\t\t\t\t<\/div>\n\t\t\t\t\t<\/div>\n\t\t<\/div>\n\t\t\t\t\t\t\t<\/div>\n\t\t<\/div>\n\t\t\t\t\t<\/div>\n\t\t<\/div>\n\t\t\t\t\t\t\t<\/div>\n\t\t<\/div>\n\t\t\t\t\t\t\t<\/div>\n\t\t","protected":false},"excerpt":{"rendered":"<p>Svg Vector Icons : http:\/\/www.onlinewebfonts.com\/icon Address Info Alt\u0131ntop Mah, 1601. Sk. Aybey \u0130\u015f Merkezi , 4\/1-2 D:4\/A K\/1, 20010 Merkezefendi \/ Denizli \/ T\u00fcrkiye Contact Info (+90) 532 510 65 79 info@suaanadolukultur.org Svg Vector Icons : http:\/\/www.onlinewebfonts.com\/icon Working Hours Open: 9:30AM \u2013 Close: 6:00PM Sunday &#038; Holidays: Closed<\/p>\n","protected":false},"author":2,"featured_media":0,"parent":0,"menu_order":0,"comment_status":"closed","ping_status":"closed","template":"","meta":{"_tbt_post_transparent":"","_tbt_post_title":"","_tbt_post_layout":"","_tbt_post_sidebar_id":"","_tbt_post_content_style":"","_tbt_post_vertical_padding":"","_tbt_post_feature":"","_tbt_post_feature_position":"","_tbt_post_header":false,"_tbt_post_footer":false},"class_list":["post-2450","page","type-page","status-publish","hentry"],"aioseo_notices":[],"_links":{"self":[{"href":"https:\/\/suaanadolukultur.org\/index.php\/wp-json\/wp\/v2\/pages\/2450","targetHints":{"allow":["GET"]}}],"collection":[{"href":"https:\/\/suaanadolukultur.org\/index.php\/wp-json\/wp\/v2\/pages"}],"about":[{"href":"https:\/\/suaanadolukultur.org\/index.php\/wp-json\/wp\/v2\/types\/page"}],"author":[{"embeddable":true,"href":"https:\/\/suaanadolukultur.org\/index.php\/wp-json\/wp\/v2\/users\/2"}],"replies":[{"embeddable":true,"href":"https:\/\/suaanadolukultur.org\/index.php\/wp-json\/wp\/v2\/comments?post=2450"}],"version-history":[{"count":12,"href":"https:\/\/suaanadolukultur.org\/index.php\/wp-json\/wp\/v2\/pages\/2450\/revisions"}],"predecessor-version":[{"id":14679,"href":"https:\/\/suaanadolukultur.org\/index.php\/wp-json\/wp\/v2\/pages\/2450\/revisions\/14679"}],"wp:attachment":[{"href":"https:\/\/suaanadolukultur.org\/index.php\/wp-json\/wp\/v2\/media?parent=2450"}],"curies":[{"name":"wp","href":"https:\/\/api.w.org\/{rel}","templated":true}]}}